{"id":4061,"date":"2019-04-18T17:45:52","date_gmt":"2019-04-18T17:45:52","guid":{"rendered":"https:\/\/universalacademia.com\/?post_type=product&#038;p=4061"},"modified":"2020-11-19T09:32:48","modified_gmt":"2020-11-19T09:32:48","slug":"curs-online-atv-ajornat","status":"publish","type":"product","link":"https:\/\/universalacademia.com\/es\/producto\/curs-online-atv-ajornat\/","title":{"rendered":"Curso online Ayudante T\u00e9cnico Veterinario \u2013 pago aplazado"},"content":{"rendered":"<p>Matric\u00falate en el curso <em>on line<\/em> d&#8217;<strong>Ajudant T\u00e8cnic Veterinari.<\/strong> Si trieu el pagament ajornat, ho podreu pagar en 4 c\u00f2modes quotes de 150\u20ac cadascuna. Si ho fas a trav\u00e9s d&#8217;aquesta botiga virtual, se&#8217;t carrega l&#8217;import de la primera mensualitat a la teva tarja banc\u00e0ria, i la resta de quotes aniran domiciliades al teu compte bancari: ens haur\u00e0s de facilitar el teu IBAN.<\/p>\n<p>&nbsp;<\/p>\n<p><a href=\"https:\/\/universalacademia.com\/es\/curs-atv\/\">+info: Curso Ayudante T\u00e9cnico Veterinario<\/a><\/p>","protected":false},"excerpt":{"rendered":"<p>Matricula&#8217;t al curs on line d&#8217;Ajudant T\u00e8cnic Veterinari. Si trieu el pagament ajornat, ho podreu pagar en 4 c\u00f2modes quotes [&hellip;]<\/p>\n","protected":false},"featured_media":4207,"template":"","meta":{"site-sidebar-layout":"default","site-content-layout":"","ast-site-content-layout":"default","site-content-style":"default","site-sidebar-style":"default","ast-global-header-display":"","ast-banner-title-visibility":"","ast-main-header-display":"","ast-hfb-above-header-display":"","ast-hfb-below-header-display":"","ast-hfb-mobile-header-display":"","site-post-title":"","ast-breadcrumbs-content":"","ast-featured-img":"","footer-sml-layout":"","ast-disable-related-posts":"","theme-transparent-header-meta":"","adv-header-id-meta":"","stick-header-meta":"","header-above-stick-meta":"","header-main-stick-meta":"","header-below-stick-meta":"","astra-migrate-meta-layouts":"default","ast-page-background-enabled":"default","ast-page-background-meta":{"desktop":{"background-color":"","background-image":"","background-repeat":"repeat","background-position":"center center","background-size":"auto","background-attachment":"scroll","background-type":"","background-media":"","overlay-type":"","overlay-color":"","overlay-opacity":"","overlay-gradient":""},"tablet":{"background-color":"","background-image":"","background-repeat":"repeat","background-position":"center center","background-size":"auto","background-attachment":"scroll","background-type":"","background-media":"","overlay-type":"","overlay-color":"","overlay-opacity":"","overlay-gradient":""},"mobile":{"background-color":"","background-image":"","background-repeat":"repeat","background-position":"center center","background-size":"auto","background-attachment":"scroll","background-type":"","background-media":"","overlay-type":"","overlay-color":"","overlay-opacity":"","overlay-gradient":""}},"ast-content-background-meta":{"desktop":{"background-color":"var(--ast-global-color-5)","background-image":"","background-repeat":"repeat","background-position":"center center","background-size":"auto","background-attachment":"scroll","background-type":"","background-media":"","overlay-type":"","overlay-color":"","overlay-opacity":"","overlay-gradient":""},"tablet":{"background-color":"var(--ast-global-color-5)","background-image":"","background-repeat":"repeat","background-position":"center center","background-size":"auto","background-attachment":"scroll","background-type":"","background-media":"","overlay-type":"","overlay-color":"","overlay-opacity":"","overlay-gradient":""},"mobile":{"background-color":"var(--ast-global-color-5)","background-image":"","background-repeat":"repeat","background-position":"center center","background-size":"auto","background-attachment":"scroll","background-type":"","background-media":"","overlay-type":"","overlay-color":"","overlay-opacity":"","overlay-gradient":""}}},"product_brand":[],"product_cat":[183],"product_tag":[180,161,159,160],"class_list":{"0":"post-4061","1":"product","2":"type-product","3":"status-publish","4":"has-post-thumbnail","6":"product_cat-veterinaria-2","7":"product_tag-ajornat","8":"product_tag-aplazado","9":"product_tag-atv","10":"product_tag-online","11":"desktop-align-left","12":"tablet-align-left","13":"mobile-align-left","15":"first","16":"instock","17":"featured","18":"virtual","19":"sold-individually","20":"purchasable","21":"product-type-simple"},"aioseo_notices":[],"_links":{"self":[{"href":"https:\/\/universalacademia.com\/es\/wp-json\/wp\/v2\/product\/4061","targetHints":{"allow":["GET"]}}],"collection":[{"href":"https:\/\/universalacademia.com\/es\/wp-json\/wp\/v2\/product"}],"about":[{"href":"https:\/\/universalacademia.com\/es\/wp-json\/wp\/v2\/types\/product"}],"wp:featuredmedia":[{"embeddable":true,"href":"https:\/\/universalacademia.com\/es\/wp-json\/wp\/v2\/media\/4207"}],"wp:attachment":[{"href":"https:\/\/universalacademia.com\/es\/wp-json\/wp\/v2\/media?parent=4061"}],"wp:term":[{"taxonomy":"product_brand","embeddable":true,"href":"https:\/\/universalacademia.com\/es\/wp-json\/wp\/v2\/product_brand?post=4061"},{"taxonomy":"product_cat","embeddable":true,"href":"https:\/\/universalacademia.com\/es\/wp-json\/wp\/v2\/product_cat?post=4061"},{"taxonomy":"product_tag","embeddable":true,"href":"https:\/\/universalacademia.com\/es\/wp-json\/wp\/v2\/product_tag?post=4061"}],"curies":[{"name":"wp","href":"https:\/\/api.w.org\/{rel}","templated":true}]}}