{"id":4016,"date":"2019-04-15T08:11:16","date_gmt":"2019-04-15T08:11:16","guid":{"rendered":"https:\/\/universalacademia.com\/?page_id=4016"},"modified":"2022-09-12T17:19:20","modified_gmt":"2022-09-12T17:19:20","slug":"condicions-de-matriculacio","status":"publish","type":"page","link":"https:\/\/universalacademia.com\/es\/condicions-de-matriculacio\/","title":{"rendered":"Condiciones de matriculaci\u00f3n"},"content":{"rendered":"<p>Las presentes condiciones de compra suponen el contrato entre <strong>Universal Acad\u00e8mia<\/strong> (en adelante, <em>la Academia)<\/em> y quien se matricula, en adelante, <em>estudiante)<\/em> a trav\u00e9s de www.universalacademia.com (en adelante, el <em>sitio web).<\/em><\/p>\n\n\n\n<p>Con el objeto de enviar tu solicitud, es necesario marcar la casilla \"Acepto las condiciones de Matriculaci\u00f3n\", que se encuentra junto al formulario. Al marcarla, el estudiante manifiesta haber le\u00eddo las presentes condiciones, declara aceptarlas y su consentimiento expreso a todo el contenido del contrato en la versi\u00f3n publicada en el momento de su aceptaci\u00f3n, comprometi\u00e9ndose a su estricto cumplimiento.<\/p>\n\n\n\n<p><strong>1. Identificaci\u00f3n de las partes<\/strong><\/p>\n\n\n\n<p>En cumplimiento del art\u00edculo 10 de la Ley 34\/2002, de 11 de julio, de Servicios de la Sociedad de la Informaci\u00f3n y Comercio Electr\u00f3nico, la Academia ofrece la siguiente informaci\u00f3n como parte contratante titular del sitio web:<\/p>\n\n\n\n<p>Universal Acad\u00e8mia (Piedad Moreno Arredondo)<\/p>\n\n\n\n<p>Domicilio: C\/ Rec, 32 08420 Canovelles (Barcelona)<\/p>\n\n\n\n<p>NIF: 77107425-V<\/p>\n\n\n\n<p>Tel\u00e9fono: 93 849 06 36<\/p>\n\n\n\n<p>Email: info@universlacademia.com<\/p>\n\n\n\n<p>El<strong>estudiante mayor de edad <\/strong>queda identificado\/a a trav\u00e9s de los datos facilitados en el formulario de matriculaci\u00f3n, siendo responsable de la veracidad, actualizaci\u00f3n y exactitud de los mismos. \u00c9ste manifiesta tener capacidad legal para celebrar contratos, y actuar en nombre propio. En el caso de<strong>estudiantes menores de 18 a\u00f1os,<\/strong> ser\u00e1 su padre\/madre\/tutor legal con capacidad legal para celebrar un contrato en su nombre quien deber\u00e1 cumplimentar sus datos. La Academia podr\u00e1 no atender las solicitudes de pedido o cancelar las cuentas de cliente cuando los datos proporcionados fueran inexactos, falsos o incompletos.<\/p>\n\n\n\n<p><strong>2. Objeto<\/strong><\/p>\n\n\n\n<p>El presente contrato regula los t\u00e9rminos y condiciones aplicables a la contrataci\u00f3n por parte del estudiante de los servicios formativos de la Academia mediante su matriculaci\u00f3n en la acci\u00f3n formativa seleccionada por el estudiante de entre las ofertadas en el sitio web. Estas condiciones est\u00e1n formuladas de acuerdo al Real Decreto Legislativo 1\/2007, de 16 de noviembre, por el que se aprueba el texto refundido de la Ley General para la Defensa de los Consumidores y Usuarios, la Ley 7\/1996, de 15 de enero, de Ordenaci\u00f3n del Comercio Minorista,  y Ley 34\/2002, de 11 de julio, de servicios de la sociedad de la informaci\u00f3n y de comercio electr\u00f3nico.<\/p>\n\n\n\n<p><strong>3. Descripci\u00f3n de los productos y servicios<\/strong><\/p>\n\n\n\n<p>En el sitio web se ofrecen acciones formativas en modalidad <strong>presencial<\/strong> y <em><strong>on line.<\/strong><\/em> Las acciones formativas en <strong>modalidad presencial<\/strong> se desarrollan en las instalaciones de la Academia o bien otros lugares habilitados para ello; el estudiante deber\u00e1 llevar su propio material de escritura (l\u00e1piz, goma, sacapuntas, bol\u00edgrafo, papel...) mientras que la academia podr\u00e1 facilitar aquel otro material complementario que considere necesario para el desarrollo de la actividad. En la <strong>modalidad <\/strong><em><strong>on line<\/strong><\/em> los materiales did\u00e1cticos estar\u00e1n disponibles en formato digital a trav\u00e9s de un campus virtual de acceso privado a trav\u00e9s del cual el estudiante podr\u00e1 realizar el estudio, avanzar en el curso y presentar las pruebas de evaluaci\u00f3n.<\/p>\n\n\n\n<p>Al finalizar la acci\u00f3n formativa, si se superan las pruebas de evaluaci\u00f3n establecidas y el curso est\u00e1 abonado en su totalidad, la Academia expedir\u00e1 el correspondiente t\u00edtulo. En aquellos cursos que se especifique, se realizar\u00e1n las pr\u00e1cticas en empresas externas. Para ello la Academia deber\u00e1 facilitar los datos personales del alumno tanto a la compa\u00f1\u00eda aseguradora designada para cubrir al estudiante durante su estancia de pr\u00e1cticas como a la propia empresa donde vaya a realizar las pr\u00e1cticas para dar de alta el convenio de colaboraci\u00f3n. La duraci\u00f3n de las pr\u00e1cticas tendr\u00e1 una duraci\u00f3n m\u00ednima de 100 horas, que podr\u00e1 prolongarse sin aumento del costo si as\u00ed lo acuerdan el estudiante y el centro de pr\u00e1cticas. Una vez finalizado el per\u00edodo de pr\u00e1cticas, el centro de pr\u00e1cticas deber\u00e1 remitir el informe de pr\u00e1cticas a la Academia para que \u00e9sta pueda expedir el correspondiente certificado de pr\u00e1cticas.<\/p>\n\n\n\n<p>El estudiante dispone de unos plazos para la realizaci\u00f3n de la acci\u00f3n formativa en la que se haya matriculado. Una vez agotados los plazos sin que se hayan realizado las pruebas de evaluaci\u00f3n, la Academia se reserva el derecho de dar por finalizada la acci\u00f3n formativa, sin emisi\u00f3n de titulaci\u00f3n. En tal caso, el Alumno podr\u00eda solicitar una pr\u00f3rroga de su matr\u00edcula por un plazo adicional, con posibilidad de realizar las evaluaciones y acceder al t\u00edtulo acreditativo, todo ello previo pago en concepto de renovaci\u00f3n de tasas.<\/p>\n\n\n\n<p><strong>4. Proceso de compra<\/strong><\/p>\n\n\n\n<p>La contrataci\u00f3n de una acci\u00f3n formativa se realiza mediante los siguientes pasos:<\/p>\n\n\n\n<ol class=\"wp-block-list\"><li>Cualquier usuario puede acceder a la informaci\u00f3n y precios de cada acci\u00f3n formativa ofrecida en el sitio web sin necesidad de registro o facilitar sus datos. En todo caso ser\u00e1 aplicable lo dispuesto en el<a href=\"https:\/\/universalacademia.com\/es\/avis-legal\/\">Aviso Legal<\/a> del sitio web.<\/li><li>Antes de realizar una compra o pedido, el usuario puede preguntar cualquier duda sobre el proceso de matriculaci\u00f3n y acci\u00f3n formativa contactando con la Academia.<\/li><li>i se ha decidido por formalizar su matr\u00edcula directamente <em>on line,<\/em> el estudiante deber\u00e1 cumplimentar el formulario con los datos marcados como obligatorios. Se ha de seleccionar la forma de pago e introducir los datos para el mismo seg\u00fan la forma elegida. Para m\u00e1s informaci\u00f3n, consultar el apartado 7 \u201cFormas de Pago\u201d de las presentes condiciones.<\/li><li>Para poder formalizar el proceso de compra, el estudiante deber\u00e1 marcar la casilla de \u201cAcepto las Condiciones de Matr\u00edcula\u201d que enlazan al presente texto. Al marcar dicha casilla el estudiante declara expresamente haber le\u00eddo y comprendido todas las estipulaciones del contrato, acept\u00e1ndolas sin reservas. El contrato quedar\u00e1 formalizado en el momento de la recepci\u00f3n de la solicitud por parte de la Academia.<\/li><li>Al finalizar el proceso, la Academia enviar\u00e1 acuse de recibo por correo electr\u00f3nico u otro medio de comunicaci\u00f3n electr\u00f3nica equivalente. Un t\u00e9cnico de formaci\u00f3n de la Academia contactar\u00e1 con el estudiante para confirmar todos los datos personales para la matr\u00edcula y la forma de pago.<\/li><\/ol>\n\n\n\n<p><strong>5. Pol\u00edtica de devoluciones<\/strong><\/p>\n\n\n\n<p>Cuando el estudiante se matricula en una acci\u00f3 formativa <em>on line,<\/em> dispone de 14 d\u00edas para evaluar el curs. Si no le satisface, podr\u00e1 ejercer el derecho a desistimiento, de la manera detallada en el siguiente apartado 6. Si se agota el mencionado plazo y el alumno no ha manifestado su intenci\u00f3n de revocar la matr\u00edcula, se entiende que el estudiante est\u00e1 de acuerdo en mantenerla y ya no podr\u00e1 solicitar la devoluci\u00f3n total o parcial del curs. Al mantener la matr\u00edcula en el curso, el estudiante contrae la obligaci\u00f3n de su abono completo.<\/p>\n\n\n\n<p><strong>6. Desistimiento<\/strong><\/p>\n\n\n\n<p>De acuerdo al art\u00edculo 102 del Real Decreto Legislativo 1\/2007, de 16 de noviembre, por el que se aprueba el texto refundido de la Ley General para la Defensa de los Consumidores y Usuarios, el estudiante podr\u00e1 ejercer el <strong>derecho de desistimiento<\/strong> en un plazo de 14 d\u00edas naturales desde la fecha de formalizaci\u00f3n de la matricula sin necesidad de justificar su decisi\u00f3n y sin ning\u00fan tipo de penalizaci\u00f3n. El estudiante que quiera ejercer el derecho de desistimiento deber\u00e1 comunic\u00e1rselo a la Academia dentro del plazo se\u00f1alado anteriormente, pudiendo utilizar para ello el formulario de desistimiento disponible pinchando <a href=\"https:\/\/universalacademia.com\/wp-content\/uploads\/2019\/04\/desistimiento.pdf\">aqu\u00ed.<\/a><\/p>\n\n\n\n<p>Una vez ejercido el derecho de desistimiento por el estudiante, se proceder\u00e1 al reembolso de la cantidad abonada por \u00e9ste en el plazo m\u00e1ximo de 14 d\u00edas naturales, cancel\u00e1ndose la matr\u00edcula y el acceso del estudiante a todos los servicios derivados de \u00e9sta.<\/p>\n\n\n\n<p> <strong>7. Formas de pago<\/strong><\/p>\n\n\n\n<p>La Academia admite los siguientes medios de pago:<\/p>\n\n\n\n<ul class=\"wp-block-list\"><li><strong>Tarjeta bancaria:<\/strong> nuestro Banco garantiza la aplicaci\u00f3n de los m\u00e1s potentes sistemas antifraude.<ul><li><strong>pago \u00fanico:<\/strong> se abona el curso de una sola vez, aplic\u00e1ndose un 10% de descuento.<\/li><li><strong>pago aplazado:<\/strong> se abona el curso de manera fraccionada.<\/li><\/ul><\/li><li><strong>Domiciliaci\u00f3n bancaria:<\/strong> para esta opci\u00f3n es necesario realizar la matr\u00edcula de manera presencial, no siendo posible la matr\u00edcula <em>on line.<\/em>  <\/li><li> <strong>Efectivo:<\/strong> para esta opci\u00f3n es necesario realizar la matr\u00edcula de manera presencial, no siendo posible la matr\u00edcula <em>on line.<\/em> <\/li><\/ul>\n\n\n\n<p>El precio de cada acci\u00f3n formativa se muestra en la ficha individual accesible en el sitio web sin necesidad de facilitar datos, registro o matriculaci\u00f3n previa. Dicho precio incluye todos los impuestos aplicables y gastos de env\u00edo, siendo la cantidad total a pagar por el estudiante. Cuando as\u00ed se ofrezca en cada acci\u00f3n formativa, el precio total podr\u00e1 ser objeto de fraccionamiento si el estudiante lo solicita, sin suponer costes adicionales o intereses. En caso de escoger el pago fraccionado, no podr\u00e1 solicitar la correspondiente titulaci\u00f3n de la acci\u00f3n formativa ni realizar las pr\u00e1cticas correspondientes si las hubiere hasta que no est\u00e9n satisfechas todos las plazos del precio total. Si el estudiante incumple alguno de los plazos de pago del fraccionamiento que hubiera seleccionado, y no lo subsana en un plazo m\u00e1ximo de 30 d\u00edas desde el vencimiento, la Academia podr\u00e1 bloquear su matr\u00edcula hasta que se produzcan los pagos pendientes, quedando el estudiante mientras tanto sin acceso al servicio de tutorizaci\u00f3n y evaluaciones.<br><\/p>\n\n\n\n<p><strong>8. Propiedad Intelectual<\/strong><\/p>\n\n\n\n<p>Todos los elementos del sitio web tales como los textos, im\u00e1genes, composiciones o cualquier otro elemento susceptible de contar con la protecci\u00f3n de los derechos de propiedad intelectual o industrial, son titularidad de la Academia o bien dispone de autorizaci\u00f3n o licencia respecto de los titulares de sus derechos de explotaci\u00f3n. <\/p>\n\n\n\n<p>Al contratar una acci\u00f3n formativa, el estudiante recibe una licencia de uso sobre los contenidos del mismo, con car\u00e1cter limitado, no exclusivo e intransferible, por lo que no se extender\u00e1 a terceros usuarios, as\u00ed como tampoco a cualesquiera otras empresas o sociedades con las que el estudiante mantenga o pueda mantener relaci\u00f3n accionarial o comercial alguna. El estudiante no podr\u00e1 bajo ninguna circunstancia, salvo que cuente con el consentimiento expreso y por escrito de la Academia:<\/p>\n\n\n\n<ul class=\"wp-block-list\"><li>Facilitar o revelar a terceros su nombre de usuario y contrase\u00f1a de acceso.<\/li><li>Permitir el acceso a terceros a los contenidos del curso contratado.<\/li><li>Distribuir, comunicar, reproducir o copiar el contenido del curso, en cualquier soporte o medio.<\/li><\/ul>\n\n\n\n<p>El incumplimiento de lo dispuesto en la presente cl\u00e1usula ser\u00e1 causa de terminaci\u00f3n anticipada y autom\u00e1tica del contrato, sin necesidad de preaviso, todo ello sin perjuicio de las responsabilidades del estudiante respecto a vulneraciones de los derechos de propiedad intelectual e industrial titularidad de la Academia o de terceros.<\/p>\n\n\n\n<p><strong>9. Idioma<\/strong><\/p>\n\n\n\n<p>Los contenidos distribuidos en los cursos <em>on line<\/em> son siempre en castellano.\nEn el caso de los cursos presenciales, la lengua vehicular ser\u00e1, preferentemente, el catal\u00e1n, a excepci\u00f3n de que haya como m\u00ednimo un alumno que no comprenda esta lengua, en cuyo caso las clases se desarrollar\u00e1n en castellano.\nEn el caso de los cursos de ingl\u00e9s, en la medida de lo posible, se procurar\u00e1 impartir las clases en ingl\u00e9s.\nRespecto a las consultas, el profesorado siempre responder\u00e1 respetuosamente en la lengua que se le haya formulado la pregunta.<br><\/p>\n\n\n\n<p> <strong>10. Protecci\u00f3n de datos<\/strong> <\/p>\n\n\n\n<p>De acuerdo a lo establecido en la Ley Org\u00e1nica 3\/2018, de 5 de diciembre, de Protecci\u00f3n de Datos Personales y garant\u00eda de los derechos digitales y su normativa de desarrollo, le informamos que los datos de car\u00e1cter personal que facilite durante el proceso de matriculaci\u00f3n y durante la ejecuci\u00f3n del servicio ser\u00e1n incorporados a un fichero automatizado denominado <em>\u201cAlumnes\u201d<\/em> debidamente registrado ante la Agencia Espa\u00f1ola de Protecci\u00f3n de Datos, cuyo responsable es Piedad Moreno Arredondo, con NIF 77107425-V . La finalidad de este fichero es la de poder prestar los servicios formativos contratados, atender las solicitudes de informaci\u00f3n del usuario acerca de nuestros servicios, participar en comunidades de usuarios gestionadas por la academia, facilitar al usuario informaci\u00f3n de inter\u00e9s en materia de formaci\u00f3n y empleo, enviar informaci\u00f3n por diferentes medios acerca de novedades, eventos, actividades, concursos, ofertas, promociones o nuevos productos y servicios de la Academia. El usuario conoce y acepta que sus datos personales podr\u00e1n ser facilitados a terceros cuando sea necesario para cumplir con las finalidades anteriormente descritas, respet\u00e1ndose en todos los casos las medidas de seguridad exigidas por la legislaci\u00f3n vigente en materia de protecci\u00f3n de datos de car\u00e1cter personal as\u00ed como las pol\u00edticas generales de calidad y privacidad de la Academia.<\/p>\n\n\n\n<p>Podr\u00e1 dirigir sus comunicaciones y ejercitar los derechos de acceso, rectificaci\u00f3n, cancelaci\u00f3n y oposici\u00f3n a trav\u00e9s de las formas de contacto previstas en el apartado 1 de las presentes condiciones.<\/p>\n\n\n\n<p><strong>11. Ley Aplicable y Fuero<\/strong><\/p>\n\n\n\n<p>Las presentes condiciones se rigen por la legislaci\u00f3n espa\u00f1ola. Para la resoluci\u00f3n de cualquier controversia o cuesti\u00f3n respecto del sitio web o de las presentes condiciones legales ser\u00e1n resueltas ante los Juzgados y Tribunales de la ciudad de Granollers (Barcelona). En caso de que el usuario tenga la condici\u00f3n de estudiante (Consumidor o Usuario de acuerdo a las definiciones del Texto Refundido de la Ley General para la Defensa de Consumidores y Usuarios), la resoluci\u00f3n de tales posibles controversias ser\u00e1n resueltas ante los Juzgados y Tribunales del domicilio del estudiante.<\/p>\n\n\n\n<p>En caso de que alguna de las estipulaciones recogidas en el presente contrato fuera declarada nula o sin efecto, en todo o en parte, por cualquier tribunal o autoridad competente,  las restantes estipulaciones conservar\u00e1n su validez, salvo que las partes de mutuo acuerdo decidan la terminaci\u00f3n del acuerdo. Los pactos, cl\u00e1usulas y condiciones que integran el presente documento constituyen la expresi\u00f3n formal y definitiva de la declaraci\u00f3n de voluntad de las partes.<\/p>\n\n\n\n<p>El estudiante tambi\u00e9n dispone de un sistema <em>online<\/em> de resoluci\u00f3n de litigios gestionado por la Comisi\u00f3n Europea a trav\u00e9s del siguiente enlace: <a href=\"https:\/\/ec.europa.eu\/consumers\/odr\/main\/index.cfm?event=main.home.show&amp;lng=ES\">https:\/\/ec.europa.eu\/consumers\/odr\/main\/index.cfm?event=main.home.show&amp;lng=ES<\/a><\/p>","protected":false},"excerpt":{"rendered":"<p>Les presents condicions de compra suposen el contracte entre Universal Acad\u00e8mia (en endavant, l&#8217;Acad\u00e8mia) i qui s&#8217;hi matricula, en endavant, [&hellip;]<\/p>\n","protected":false},"author":2,"featured_media":0,"parent":0,"menu_order":0,"comment_status":"closed","ping_status":"closed","template":"","meta":{"site-sidebar-layout":"default","site-content-layout":"","ast-site-content-layout":"default","site-content-style":"default","site-sidebar-style":"default","ast-global-header-display":"","ast-banner-title-visibility":"","ast-main-header-display":"","ast-hfb-above-header-display":"","ast-hfb-below-header-display":"","ast-hfb-mobile-header-display":"","site-post-title":"","ast-breadcrumbs-content":"","ast-featured-img":"","footer-sml-layout":"","ast-disable-related-posts":"","theme-transparent-header-meta":"","adv-header-id-meta":"","stick-header-meta":"","header-above-stick-meta":"","header-main-stick-meta":"","header-below-stick-meta":"","astra-migrate-meta-layouts":"default","ast-page-background-enabled":"default","ast-page-background-meta":{"desktop":{"background-color":"","background-image":"","background-repeat":"repeat","background-position":"center center","background-size":"auto","background-attachment":"scroll","background-type":"","background-media":"","overlay-type":"","overlay-color":"","overlay-opacity":"","overlay-gradient":""},"tablet":{"background-color":"","background-image":"","background-repeat":"repeat","background-position":"center center","background-size":"auto","background-attachment":"scroll","background-type":"","background-media":"","overlay-type":"","overlay-color":"","overlay-opacity":"","overlay-gradient":""},"mobile":{"background-color":"","background-image":"","background-repeat":"repeat","background-position":"center center","background-size":"auto","background-attachment":"scroll","background-type":"","background-media":"","overlay-type":"","overlay-color":"","overlay-opacity":"","overlay-gradient":""}},"ast-content-background-meta":{"desktop":{"background-color":"var(--ast-global-color-5)","background-image":"","background-repeat":"repeat","background-position":"center center","background-size":"auto","background-attachment":"scroll","background-type":"","background-media":"","overlay-type":"","overlay-color":"","overlay-opacity":"","overlay-gradient":""},"tablet":{"background-color":"var(--ast-global-color-5)","background-image":"","background-repeat":"repeat","background-position":"center center","background-size":"auto","background-attachment":"scroll","background-type":"","background-media":"","overlay-type":"","overlay-color":"","overlay-opacity":"","overlay-gradient":""},"mobile":{"background-color":"var(--ast-global-color-5)","background-image":"","background-repeat":"repeat","background-position":"center center","background-size":"auto","background-attachment":"scroll","background-type":"","background-media":"","overlay-type":"","overlay-color":"","overlay-opacity":"","overlay-gradient":""}},"footnotes":""},"class_list":["post-4016","page","type-page","status-publish","hentry"],"aioseo_notices":[],"_links":{"self":[{"href":"https:\/\/universalacademia.com\/es\/wp-json\/wp\/v2\/pages\/4016","targetHints":{"allow":["GET"]}}],"collection":[{"href":"https:\/\/universalacademia.com\/es\/wp-json\/wp\/v2\/pages"}],"about":[{"href":"https:\/\/universalacademia.com\/es\/wp-json\/wp\/v2\/types\/page"}],"author":[{"embeddable":true,"href":"https:\/\/universalacademia.com\/es\/wp-json\/wp\/v2\/users\/2"}],"replies":[{"embeddable":true,"href":"https:\/\/universalacademia.com\/es\/wp-json\/wp\/v2\/comments?post=4016"}],"version-history":[{"count":22,"href":"https:\/\/universalacademia.com\/es\/wp-json\/wp\/v2\/pages\/4016\/revisions"}],"predecessor-version":[{"id":4302,"href":"https:\/\/universalacademia.com\/es\/wp-json\/wp\/v2\/pages\/4016\/revisions\/4302"}],"wp:attachment":[{"href":"https:\/\/universalacademia.com\/es\/wp-json\/wp\/v2\/media?parent=4016"}],"curies":[{"name":"wp","href":"https:\/\/api.w.org\/{rel}","templated":true}]}}