{"id":4013,"date":"2019-04-15T07:40:16","date_gmt":"2019-04-15T07:40:16","guid":{"rendered":"https:\/\/universalacademia.com\/?page_id=4013"},"modified":"2022-09-12T17:27:46","modified_gmt":"2022-09-12T17:27:46","slug":"avis-legal","status":"publish","type":"page","link":"https:\/\/universalacademia.com\/es\/avis-legal\/","title":{"rendered":"Aviso legal"},"content":{"rendered":"<p><strong>1. Datos identificativos.&nbsp;&nbsp; <\/strong> <\/p>\n\n\n\n<p>Este sitio web es titularidad Piedad Moreno Arredondo (Universal Acad\u00e8mia), en adelante, <strong>la Academia,<\/strong> con domicilio social en C\/ Rec, 32, 08420, Canovelles (Barcelona) con NIF 77107425-V.<\/p>\n\n\n\n<p>Puede contactar con nosotros a trav\u00e9s del tel\u00e9fono 93 849 06 36 (admite llamadas de voz en horario comercial y mensajes v\u00eda WhatsApp 24h) o por correo electr\u00f3nico escribiendo a info@universalacademia.com<\/p>\n\n\n\n<p><strong>2. Introducci\u00f3n.<\/strong><\/p>\n\n\n\n<p>El presente aviso legal regula el uso del servicio del sitio web www.universalacademia.com<\/p>\n\n\n\n<p>El acceso a la web arriba indicada, as\u00ed como la utilizaci\u00f3n de las funcionalidades (en adelante Servicios) y contenidos que se ofrecen, atribuyen a la persona que los utilice la condici\u00f3n de<strong>Usuario<\/strong> y acepta las presentes condiciones de uso y aviso legal, comprometi\u00e9ndose a su cumplimiento.<\/p>\n\n\n\n<p>La Academia se reserva el derecho de efectuar sin previo aviso las modificaciones, suspensiones, cancelaciones o restricciones, que considere oportunas en el sitio web, pudiendo cambiar el dise\u00f1o, presentaci\u00f3n o configuraci\u00f3n del mismo, as\u00ed como los contenidos y servicios ofertados, y el contenido del aviso legal y dem\u00e1s condiciones de uso.<\/p>\n\n\n\n<p><strong>3. Objeto.<\/strong><\/p>\n\n\n\n<p>Este aviso legal tiene por objeto describir las condiciones legales aplicables al acceso y uso por parte del usuario a la informaci\u00f3n contenida en el sitio web, as\u00ed como dar cumplimiento a las obligaciones establecidas en la Ley 34\/2002, de Servicios de la Sociedad de la Informaci\u00f3n y del Comercio Electr\u00f3nico (LSSI-CE).<\/p>\n\n\n\n<p>El usuario queda informado, y acepta, que el acceso a este sitio web no supone, por s\u00ed mismo, el inicio de una relaci\u00f3n comercial o de otro tipo con la Academia. Para contratar los servicios ofertados en el sitio web deber\u00e1 utilizar los canales habilitados al efecto, donde puede requerirse la aceptaci\u00f3n de nuevas condiciones legales, de compra o privacidad.<\/p>\n\n\n\n<p><strong>4. Contenido, exactitud y actualizaci\u00f3n&nbsp;&nbsp;&nbsp;&nbsp;&nbsp;&nbsp;&nbsp;&nbsp;&nbsp;&nbsp;&nbsp;&nbsp;&nbsp;&nbsp;&nbsp;&nbsp;&nbsp;&nbsp;&nbsp;&nbsp;&nbsp;&nbsp;&nbsp;&nbsp;&nbsp;&nbsp;&nbsp;&nbsp;&nbsp;&nbsp;&nbsp;&nbsp; <\/strong><\/p>\n\n\n\n<p>La Academia, realiza revisiones peri\u00f3dicas de los contenidos e informaci\u00f3n publicados en el sitio web. Sin embargo, pueden no ser exhaustivos o no estar actualizados, por lo que la Academia no asume responsabilidad alguna respecto de la falta de actualizaci\u00f3n o exactitud de la informaci\u00f3n, datos o contenidos publicados en el sitio web. La Academia tampoco puede controlar el empleo que el usuario da a la informaci\u00f3n publicada y por tanto, no ser\u00e1 responsable de ning\u00fan tipo de da\u00f1os o perjuicios, ya sean directos o indirectos, que puedan derivar del empleo de dicha informaci\u00f3n.<em> <\/em>L&#8217;Acad\u00e8mia tampoc pot controlar l&#8217;\u00fas que l&#8217;usuari li doni a la informaci\u00f3 publicada i, per tant, no ser\u00e0 responsable de cap tipus de danys o perjudicis, ja siguin directes o indirectes, que puguin derivar de l&#8217;\u00fas de l&#8217;esmentada informaci\u00f3.<\/p>\n\n\n\n<p>La Academia no se hace responsable de las opiniones y respuestas emitidas por terceras personas, ya sea a trav\u00e9s de publicaciones, mensajes en redes sociales, respuestas a consultas p\u00fablicas o comentarios en blogs.<\/p>\n\n\n\n<p>La Academia realiza un exhaustivo mantenimiento de la p\u00e1gina web, para que el acceso a sus servicios y contenidos se encuentre siempre disponible. No obstante, el usuario acepta que puedan existir interrupciones, programadas para mejorar el rendimiento de la p\u00e1gina o con finalidad similar, o accidentales por causas externas a la Academia o que \u00e9sta no pueda controlar.<\/p>\n\n\n\n<p><strong>5. Propiedad intelectual e industrial<\/strong><\/p>\n\n\n\n<p>Todos los elementos del sitio web tales como los textos, im\u00e1genes, composiciones o cualquier otro elemento susceptible de contar con la protecci\u00f3n de los derechos de propiedad intelectual o industrial, son titularidad de la Academia o bien dispone de autorizaci\u00f3n o licencia respecto de los titulares de sus derechos de explotaci\u00f3n.<\/p>\n\n\n\n<p>Salvo en aquellos contenidos en los que expresamente se establezca otra licencia aplicable, la Academia no concede licencia de uso o autorizaci\u00f3n alguna sobre sus derechos de propiedad industrial e intelectual o sobre cualquier otra propiedad o derecho relacionado con el sitio web, salvo acuerdo expreso con terceros. Los usuarios podr\u00e1n llevar a cabo la reproducci\u00f3n de los contenidos del sitio web con el \u00fanico fin de proceder a su almacenamiento, a la realizaci\u00f3n de copias de seguridad o a su impresi\u00f3n sobre papel para uso privado.<\/p>\n\n\n\n<p>Al margen de lo anterior, queda prohibida toda reproducci\u00f3n, distribuci\u00f3n, transformaci\u00f3n, presentaci\u00f3n, total o parcial, del contenido del sitio web o de alguno de sus elementos, de forma directa o indirecta, siempre que no se cuente con la autorizaci\u00f3n expresa y por escrito de la Academia y, en su caso, de los terceros colaboradores. Quedan especialmente prohibidas:<\/p>\n\n\n\n<ul class=\"wp-block-list\"><li>La presentaci\u00f3n de una p\u00e1gina del sitio web en un marco de otra p\u00e1gina web que no pertenezca a la Academia, a no ser que cuente con el expreso consentimiento por escrito.<\/li><li>La extracci\u00f3n y uso de elementos del website causando o no un perjuicio cualquiera a la Academia, conforme a las disposiciones del Real Decreto Legislativo 1\/1996, de 12 de abril, por el que se aprueba el Texto Refundido de la Ley de Propiedad Intelectual y la Ley 5\/1998, de 6 de marzo, de Incorporaci\u00f3n al Derecho Espa\u00f1ol de la Directiva 96\/9\/CE sobre la Protecci\u00f3n Jur\u00eddica de las Bases de Datos.<\/li><li>Para el establecimiento de <em>links<\/em> de hipertexto (hiperv\u00ednculos) en otro website dirigidos a este website no se requiere una autorizaci\u00f3n expresa, siempre que las correspondientes p\u00e1ginas aparezcan en una ventana completa y bajo las direcciones electr\u00f3nicas propias del mismo.<\/li><\/ul>\n\n\n\n<p>El incumplimiento de lo anterior facultar\u00e1 a la Academia para ejercer cuantas acciones se le reconozcan en Derecho para la defensa de sus leg\u00edtimos intereses.<\/p>\n\n\n\n<p><strong>6. Archivos temporales de informaci\u00f3n<\/strong><\/p>\n\n\n\n<p>Para el correcto funcionamiento y visualizaci\u00f3n del sitio web, la Academia utiliza archivos temporales de informaci\u00f3n que el servidor env\u00eda al dispositivo del usuario. Puede obtener m\u00e1s informaci\u00f3n sobre este apartado en <a rel=\"noreferrer noopener\" aria-label=\"nuestra Pol\u00edtica de Cookies. (abre en una nueva pesta\u00f1a)\" href=\"https:\/\/universalacademia.com\/es\/politica-de-cookies\/\" target=\"_blank\">nuestra Pol\u00edtica de <em>Cookies.<\/em><\/a><\/p>\n\n\n\n<p><strong>7. Enlaces <em>(links)<\/em><\/strong><\/p>\n\n\n\n<p>Los enlaces externos que puede encontrar en el sitio web conducen a otros sitios web titularidad de terceros. La Academia no responde del contenido de estos sitios no garantizando su veracidad o actualizaci\u00f3n. La presencia de estos enlaces en nuestro sitio web tiene finalidad meramente informativa y en ning\u00fan caso supone sugerencia, invitaci\u00f3n o recomendaci\u00f3n sobre los mismos.<\/p>\n\n\n\n<p><strong>8. Idioma<\/strong><\/p>\n\n\n\n<p>Este sitio web se muestra por defecto en lengua catalana. Todo el contenido est\u00e1 disponible tambi\u00e9n en castellano: para poder leer los textos en esta lengua, bastar\u00e1 con seleccionarlo en el men\u00fa correspondiente y se mostrar\u00e1 autom\u00e1ticamente todo el contenido en castellano.<\/p>\n\n\n\n<p><strong>9. Legislaci\u00f3n aplicable<\/strong><\/p>\n\n\n\n<p>Las presentes condiciones se rigen por la legislaci\u00f3n espa\u00f1ola. Para la resoluci\u00f3n de cualquier controversia o cuesti\u00f3n respecto del sitio web o de las presentes condiciones legales ser\u00e1n resueltas ante los Juzgados y Tribunales de Granollers. En caso de que el usuario tenga la condici\u00f3n de Consumidor de acuerdo a las definiciones del Texto Refundido de la Ley General para la Defensa de Consumidores y Usuarios, la resoluci\u00f3n de tales posibles controversias se realizar\u00e1 ante los Juzgados y Tribunales del domicilio del usuario. Si alguna de las cl\u00e1usulas del presente aviso legal fuera declarada nula o ineficaz, total o parcialmente, no conllevar\u00e1 la invalidez del resto, manteniendo su vigencia si la Academia no declarase lo contrario.<\/p>","protected":false},"excerpt":{"rendered":"<p>1. Dades identificatives.&nbsp;&nbsp; La titular d&#8217;aquest lloc web \u00e9s Piedad Moreno Arredondo (Universal Acad\u00e8mia), en endavant, l&#8217;Acad\u00e8mia, amb domicili social [&hellip;]<\/p>\n","protected":false},"author":2,"featured_media":0,"parent":0,"menu_order":0,"comment_status":"closed","ping_status":"closed","template":"","meta":{"site-sidebar-layout":"default","site-content-layout":"","ast-site-content-layout":"default","site-content-style":"default","site-sidebar-style":"default","ast-global-header-display":"","ast-banner-title-visibility":"","ast-main-header-display":"","ast-hfb-above-header-display":"","ast-hfb-below-header-display":"","ast-hfb-mobile-header-display":"","site-post-title":"","ast-breadcrumbs-content":"","ast-featured-img":"","footer-sml-layout":"","ast-disable-related-posts":"","theme-transparent-header-meta":"","adv-header-id-meta":"","stick-header-meta":"","header-above-stick-meta":"","header-main-stick-meta":"","header-below-stick-meta":"","astra-migrate-meta-layouts":"default","ast-page-background-enabled":"default","ast-page-background-meta":{"desktop":{"background-color":"","background-image":"","background-repeat":"repeat","background-position":"center center","background-size":"auto","background-attachment":"scroll","background-type":"","background-media":"","overlay-type":"","overlay-color":"","overlay-opacity":"","overlay-gradient":""},"tablet":{"background-color":"","background-image":"","background-repeat":"repeat","background-position":"center center","background-size":"auto","background-attachment":"scroll","background-type":"","background-media":"","overlay-type":"","overlay-color":"","overlay-opacity":"","overlay-gradient":""},"mobile":{"background-color":"","background-image":"","background-repeat":"repeat","background-position":"center center","background-size":"auto","background-attachment":"scroll","background-type":"","background-media":"","overlay-type":"","overlay-color":"","overlay-opacity":"","overlay-gradient":""}},"ast-content-background-meta":{"desktop":{"background-color":"var(--ast-global-color-5)","background-image":"","background-repeat":"repeat","background-position":"center center","background-size":"auto","background-attachment":"scroll","background-type":"","background-media":"","overlay-type":"","overlay-color":"","overlay-opacity":"","overlay-gradient":""},"tablet":{"background-color":"var(--ast-global-color-5)","background-image":"","background-repeat":"repeat","background-position":"center center","background-size":"auto","background-attachment":"scroll","background-type":"","background-media":"","overlay-type":"","overlay-color":"","overlay-opacity":"","overlay-gradient":""},"mobile":{"background-color":"var(--ast-global-color-5)","background-image":"","background-repeat":"repeat","background-position":"center center","background-size":"auto","background-attachment":"scroll","background-type":"","background-media":"","overlay-type":"","overlay-color":"","overlay-opacity":"","overlay-gradient":""}},"footnotes":""},"class_list":["post-4013","page","type-page","status-publish","hentry"],"aioseo_notices":[],"_links":{"self":[{"href":"https:\/\/universalacademia.com\/es\/wp-json\/wp\/v2\/pages\/4013","targetHints":{"allow":["GET"]}}],"collection":[{"href":"https:\/\/universalacademia.com\/es\/wp-json\/wp\/v2\/pages"}],"about":[{"href":"https:\/\/universalacademia.com\/es\/wp-json\/wp\/v2\/types\/page"}],"author":[{"embeddable":true,"href":"https:\/\/universalacademia.com\/es\/wp-json\/wp\/v2\/users\/2"}],"replies":[{"embeddable":true,"href":"https:\/\/universalacademia.com\/es\/wp-json\/wp\/v2\/comments?post=4013"}],"version-history":[{"count":18,"href":"https:\/\/universalacademia.com\/es\/wp-json\/wp\/v2\/pages\/4013\/revisions"}],"predecessor-version":[{"id":4146,"href":"https:\/\/universalacademia.com\/es\/wp-json\/wp\/v2\/pages\/4013\/revisions\/4146"}],"wp:attachment":[{"href":"https:\/\/universalacademia.com\/es\/wp-json\/wp\/v2\/media?parent=4013"}],"curies":[{"name":"wp","href":"https:\/\/api.w.org\/{rel}","templated":true}]}}