{"id":3472,"date":"2019-01-01T19:42:08","date_gmt":"2019-01-01T19:42:08","guid":{"rendered":"http:\/\/universalacademia.com\/?page_id=3472"},"modified":"2025-09-12T08:57:32","modified_gmt":"2025-09-12T08:57:32","slug":"curs-atv","status":"publish","type":"page","link":"https:\/\/universalacademia.com\/es\/curs-atv\/","title":{"rendered":"Curso de ATV: Ayudante T\u00e9cnico Veterinario"},"content":{"rendered":"<h2 class=\"wp-block-heading\">Auxiliar de veterinaria<\/h2>\n\n\n\n<h2 class=\"wp-block-heading\">Presentaci\u00f3n:<\/h2>\n\n\n\n<figure class=\"wp-block-image alignleft is-resized\"><img loading=\"lazy\" decoding=\"async\" width=\"346\" height=\"346\" src=\"https:\/\/universalacademia.com\/wp-content\/uploads\/2014\/05\/chocala.jpg\" alt=\"Curso ATV\" class=\"wp-image-254\" srcset=\"https:\/\/universalacademia.com\/wp-content\/uploads\/2014\/05\/chocala.jpg 346w, https:\/\/universalacademia.com\/wp-content\/uploads\/2014\/05\/chocala-300x300.jpg 300w, https:\/\/universalacademia.com\/wp-content\/uploads\/2014\/05\/chocala-100x100.jpg 100w, https:\/\/universalacademia.com\/wp-content\/uploads\/2014\/05\/chocala-150x150.jpg 150w\" sizes=\"auto, (max-width: 346px) 100vw, 346px\" \/><\/figure>\n\n\n\n<p>Los centros veterinarios actuales, centrados fundamentalmente a la atenci\u00f3n de los perros y gatos que conviven con las personas en casa, requieren una atenci\u00f3n cada vez m\u00e1s profesionalizada. Debido a la fuerte competencia, resultar\u00e1 clave para la fidelizaci\u00f3n un trato diferencial, una atenci\u00f3n especial tanto al cliente como al paciente. Aqu\u00ed juegan un papel indiscutible los&nbsp;<strong>ATV,<\/strong> que normalmente son las primeras personas de atenci\u00f3n al p\u00fablico con las que se encuentra el cliente de la cl\u00ednica veterinaria.<\/p>\n\n\n\n<p>El profesional conocido como <strong>ATV<\/strong> se ha convertido, con el paso de los a\u00f1os, una pieza clave tanto en la consulta como en el quir\u00f3fano, ya que es la mano derecha de la veterinaria o veterinario. De esta manera los dos profesionales se complementan mutuamente.<\/p>\n\n\n\n<h2 class=\"wp-block-heading\">A qui\u00e9n se dirige:<\/h2>\n\n\n\n<p>El curso est\u00e1 pensado para formar a aquellas personas que quieren trabajar en un hospital o cl\u00ednica veterinaria como profesionales que, junto con el equipo veterinario, lleguen a formar un t\u00e1ndem al que todas partes resultan clave.<\/p>\n\n\n\n<h2 class=\"wp-block-heading\">Formaci\u00f3n <em>on line<\/em><\/h2>\n\n\n\n<p>Hemos creado un campus virtual para que puedas seguir el curso desde donde est\u00e9s. Nosotros te entregamos los materiales: textos actualizados acompa\u00f1ados de fotograf\u00edas, gr\u00e1ficos, v\u00eddeos... Hay actividades de autocorrecci\u00f3n para que puedas ir comprobando lo que vas aprendiendo. Tambi\u00e9n hay un foro, en el cual se van planteando situaciones reales, para las que hay que ir buscando soluci\u00f3n. Tendr\u00e1s un tutor asignado para ayudarte con los estudios y con las dudas que te vayan surgiendo. Tan pronto como se finaliza el estudio de cada uno de los 6 m\u00f3dulos formativos, habr\u00e1 que superar la evaluaci\u00f3n correspondiente, tambi\u00e9n <em>on line.<\/em> El curso est\u00e1 semestralizado: te puedes incorporar a los estudios en septiembre o en febrero. <\/p>\n\n\n\n<h2 class=\"wp-block-heading\">Salidas profesionales:<\/h2>\n\n\n\n<figure class=\"wp-block-image alignright\"><img loading=\"lazy\" decoding=\"async\" width=\"150\" height=\"150\" src=\"http:\/\/universalacademia.com\/wp-content\/uploads\/2014\/05\/cadellpilota-150x150.jpg\" alt=\"Curso ATV\" class=\"wp-image-253\" srcset=\"https:\/\/universalacademia.com\/wp-content\/uploads\/2014\/05\/cadellpilota-150x150.jpg 150w, https:\/\/universalacademia.com\/wp-content\/uploads\/2014\/05\/cadellpilota-100x100.jpg 100w\" sizes=\"auto, (max-width: 150px) 100vw, 150px\" \/><\/figure>\n\n\n\n<p>Nos encontramos ante un sector en crecimiento, donde cada vez m\u00e1s aparecen nuevos establecimientos especializados, y el cliente busca una atenci\u00f3n profesional. Por lo tanto, aparte de la asistencia a los veterinarios en los centros de salud, cada vez resulta m\u00e1s atractiva la emprendedur\u00eda libre. Sin embargo, podr\u00e1s desarrollar tu profesi\u00f3n a otros puestos de trabajo, como pueden ser los centros de cr\u00eda, de acogida, de recuperaci\u00f3n...<\/p>\n\n\n\n<h2 class=\"wp-block-heading\">Bolsa de trabajo:<\/h2>\n\n\n\n<p>Son muchas las empresas que contactan con <strong>Universal Acad\u00e8mia<\/strong> para solicitarnos personal. Es por este motivo que hemos creado una <strong>bolsa de trabajo.<\/strong> Su funcionamiento es muy sencillo: en cuanto finalizas el curso con \u00e9xito, su direcci\u00f3n de correo electr\u00f3nico se une autom\u00e1ticamente a nuestra lista exclusiva. A trav\u00e9s de esta lista ir\u00e1s recibiendo \u00fanicamente ofertas de trabajo reales (garantizamos que no hay <em>spam)<\/em> que las empresas de la zona nos van haciendo llegar.<\/p>\n\n\n\n<h2 class=\"wp-block-heading\">Temario de clases te\u00f3ricas:<\/h2>\n\n\n\n<p>Nuestro temario est\u00e1 actualizado con la normativa m\u00e1s moderna <strong>AGA488_3<\/strong> publicada en la <a href=\"https:\/\/www.boe.es\/boe\/dias\/2017\/07\/15\/pdfs\/BOE-A-2017-8302.pdf\" target=\"_blank\" rel=\"noreferrer noopener\">Disposici\u00f3n 8302 del BOE n\u00fam. 168 del 15 de julio de 2017.<\/a> A trav\u00e9s de este texto se regula el&nbsp;<a href=\"https:\/\/incual.educacion.gob.es\/\" target=\"_blank\" rel=\"noopener\" title=\"Instituto Nacional de las Cualificaciones, INCUAL, del Ministerio de Educaci\u00f3n del Gobierno de Espa\u00f1a.\">Instituto Nacional de las Cualificaciones, INCUAL, del Ministerio de Educaci\u00f3n del Gobierno de Espa\u00f1a.<\/a> Aix\u00f2 et facilitar\u00e0 l&#8217;obtenci\u00f3 del teu <strong>Certificado de Profesionalidad oficial<\/strong> gracias al certificado que te entregaremos en cuanto superes el curso con nosotros. El Gobierno de las Islas Baleares ya ha abierto la primera convocatoria en Espa\u00f1a, y nuestros alumnos se pueden presentar, ya que nuestro curso cumple todos los requisitos. <strong>Se obtendr\u00e1 el Certificado de Profesionalidad, \u00fanico documento oficial v\u00e1lido para toda Espa\u00f1a.<\/strong><\/p>\n\n\n\n<p>Los m\u00f3dulos formativos que incluye son los siguientes:<\/p>\n\n\n\n<ol class=\"wp-block-list\">\n<li>Operaciones de atenci\u00f3n al cliente, venta y administraci\u00f3n en centros veterinarios:\n<ul class=\"wp-block-list\">\n<li>Atenci\u00f3n a clientes y animales de compa\u00f1\u00eda en cl\u00ednicas veterinarias<\/li>\n\n\n\n<li>Gesti\u00f3n de una cl\u00ednica veterinaria<\/li>\n\n\n\n<li>Medicina preventiva veterinaria<\/li>\n<\/ul>\n<\/li>\n\n\n\n<li>Recogida y an\u00e1lisis de muestras biol\u00f3gicas animales:\n<ul class=\"wp-block-list\">\n<li>Laboratorio de an\u00e1lisis cl\u00ednicos. Recogida, manipulaci\u00f3n, procesamiento, conservaci\u00f3n y transporte de muestras biol\u00f3gicas animales<\/li>\n\n\n\n<li>Estudio de muestras animales de sangre, orina, heces y otros fluidos corporales<\/li>\n\n\n\n<li>Muestras biol\u00f3gicas animales para estudio anatomo-patol\u00f3gico<\/li>\n\n\n\n<li>Prevenci\u00f3n de riesgos laborales en el laboratorio de an\u00e1lisis de muestras animales<\/li>\n<\/ul>\n<\/li>\n\n\n\n<li>Consulta cl\u00ednica veterinaria.\n<ul class=\"wp-block-list\">\n<li>Anatomofisiolog\u00eda y patolog\u00eda de \u00f3rganos y sistemas de los animales de compa\u00f1\u00eda<\/li>\n\n\n\n<li>Terap\u00e9utica en medicina veterinaria<\/li>\n\n\n\n<li>T\u00e9cnicas de exploraci\u00f3n del animal<\/li>\n\n\n\n<li>Caracter\u00edsticas y dotaci\u00f3n material de consulta veterinaria<\/li>\n\n\n\n<li>Eutanasia de animales<\/li>\n<\/ul>\n<\/li>\n\n\n\n<li>Quir\u00f3fano del centro veterinario.\n<ul class=\"wp-block-list\">\n<li>Heridas traum\u00e1ticas o quir\u00fargicas, soluciones de continuidad y cicatrizaci\u00f3n<\/li>\n\n\n\n<li>Asepsia, desinfecci\u00f3n y esterilizaci\u00f3n<\/li>\n\n\n\n<li>Material de quir\u00f3fano veterinario<\/li>\n\n\n\n<li>Anestesia y sedaci\u00f3n en cirug\u00eda veterinaria<\/li>\n\n\n\n<li>Situaciones de urgencia en el acto quir\u00fargico veterinario<\/li>\n<\/ul>\n<\/li>\n\n\n\n<li>Hospitalizaci\u00f3n de animales\n<ul class=\"wp-block-list\">\n<li>Caracter\u00edsticas etol\u00f3gicas en funci\u00f3n de la especie<\/li>\n\n\n\n<li>Atenci\u00f3n a animales hospitalizados en funci\u00f3n de la especie y el estado de salud<\/li>\n\n\n\n<li>Nutrici\u00f3n y alimentaci\u00f3n de animales hospitalizados en funci\u00f3n de la especie y el estado de salud<\/li>\n<\/ul>\n<\/li>\n\n\n\n<li>Procedimientos de imagen para el diagn\u00f3stico en veterinaria. \n<ul class=\"wp-block-list\">\n<li>Rayos X en centros veterinarios<\/li>\n\n\n\n<li>Ecograf\u00eda en centros veterinarios<\/li>\n\n\n\n<li>Endoscopia en centros veterinarios<\/li>\n<\/ul>\n<\/li>\n<\/ol>\n\n\n\n<h2 class=\"wp-block-heading\">Nuestro m\u00e9todo:<\/h2>\n\n\n\n<p>En pleno siglo XXI, cada vez m\u00e1s centros nos decantamos por una formaci\u00f3n m\u00e1s moderna, donde las nuevas tecnolog\u00edas toman protagonismo al papel. El profesorado ha recibido la formaci\u00f3n m\u00e1s actual para poder aprovechar los recursos digitales. Los avances en el campo de la veterinaria son tan r\u00e1pidos que los libros se van quedando obsoletos a\u00f1o tras a\u00f1o. Es por eso que hemos decidido innovar en nuestro m\u00e9todo, y hemos dejado de utilizar los libros. Esto, adem\u00e1s, supone un importante ahorro de costes, que hemos repercutido bajando sensiblemente el precio del curso. Hoy, en&nbsp;<strong>Universal Acad\u00e8mia<\/strong> encontrar\u00e1s la <strong>mejor relaci\u00f3n calidad-precio del mercado.<\/strong><\/p>\n\n\n\n<p>Para ayudarte a consolidar tus conocimientos, te podemos ayudar con mapas conceptuales, a desarrollar tus esquemas de estudio y res\u00famenes... Puedes disponer de ejercicios antes de examinarte. Haremos una evaluaci\u00f3n continua de modo que podemos detectar de forma precoz dificultades de aprendizaje.<\/p>\n\n\n\n<h2 class=\"wp-block-heading\">Pr\u00e1cticas:<\/h2>\n\n\n\n<figure class=\"wp-block-image alignleft\"><img loading=\"lazy\" decoding=\"async\" width=\"150\" height=\"150\" src=\"http:\/\/universalacademia.com\/wp-content\/uploads\/2016\/05\/casaca-150x150.jpg\" alt=\"Regalo casaca veterinario\" class=\"wp-image-1773\" srcset=\"https:\/\/universalacademia.com\/wp-content\/uploads\/2016\/05\/casaca-150x150.jpg 150w, https:\/\/universalacademia.com\/wp-content\/uploads\/2016\/05\/casaca-300x300.jpg 300w, https:\/\/universalacademia.com\/wp-content\/uploads\/2016\/05\/casaca-100x100.jpg 100w, https:\/\/universalacademia.com\/wp-content\/uploads\/2016\/05\/casaca-600x600.jpg 600w, https:\/\/universalacademia.com\/wp-content\/uploads\/2016\/05\/casaca.jpg 700w\" sizes=\"auto, (max-width: 150px) 100vw, 150px\" \/><\/figure>\n\n\n\n<p>Opcionalmente podr\u00e1s realizar una estancia en un centro veterinario de una duraci\u00f3n m\u00ednima de 100 horas, donde poder poner en pr\u00e1ctica todo lo aprendido durante el curso. Te ofreceremos centros veterinarios cercanos entre los que podr\u00e1s elegir seg\u00fan los criterios que se consideren (proximidad a tu domicilio, gran hospital vs peque\u00f1a cl\u00ednica, personal ...) o bien nosotros te podemos asesorar qu\u00e9 creemos que se adapta mejor a tu perfil. Si quieres hacer las pr\u00e1cticas en un centro que no tengamos en convenio, haremos las gestiones pertinentes para que las puedas hacer. \u00a1Nosotros te damos la casaca!<\/p>\n\n\n\n<h2 class=\"wp-block-heading\">Profesorado:<\/h2>\n\n\n\n<p>El profesor del curso es&nbsp;<strong>C\u00e9sar Gonz\u00e1lez,<\/strong>&nbsp;<strong>Licenciado en Veterinaria<\/strong> por la <a href=\"http:\/\/www.uab.cat\/\" target=\"_blank\" rel=\"noreferrer noopener\"><strong>Universitat Aut\u00f2noma de Barcelona<\/strong><\/a> y <strong>M\u00e1ster Universitario en Formaci\u00f3n de Profesorado<\/strong> por la<a href=\"https:\/\/www.unir.net\/\" target=\"_blank\" rel=\"noreferrer noopener\"><strong> Universidad Internacional de la Rioja.<\/strong><\/a>&nbsp;Tiene una experiencia tanto en cl\u00ednica de peque\u00f1os animales como en el campo de la formaci\u00f3n de ATV de m\u00e1s de una d\u00e9cada: ha dado clases en la <a href=\"http:\/\/www.caninacat.org\/\" target=\"_blank\" rel=\"noreferrer noopener\">Reial Societat Canina de Catalunya,<\/a>&nbsp;en la Acad\u00e8mia Fuster de Terrassa (hoy desaparecida) y en <a href=\"http:\/\/www.campussuperior.com\/cursos\/cursos-veterinaria\" target=\"_blank\" rel=\"noreferrer noopener\">Campus Superior de Formaci\u00f3n.<\/a>&nbsp;Destaca su calidad humana y la proximidad con el alumnado: le avalan cientos de alumnos satisfechos.<\/p>\n\n\n\n<p><\/p>\n\n\n\n<h2 class=\"wp-block-heading\">T\u00edtulo:<\/h2>\n\n\n\n<p>Muchas veces nos queda esa duda <em>\"\u00bfpero qu\u00e9 es un ATV?\".<\/em> Bueno, nos encontramos ante unos estudios no reglados, esto quiere decir que no hay una legislaci\u00f3n que regule de una manera clara qu\u00e9 conocimientos debe conocer el<strong>ATV.<\/strong> Ni siquiera est\u00e1 regulada la palabra<em> &#8220;ATV&#8221;,<\/em> y en el mercado puedes encontrar casi tantas maneras de nombrarlo como centros donde se imparte.<\/p>\n\n\n\n<p>Nosotros pensamos que las cosas pueden ser m\u00e1s sencillas. Los veterinarios denominamos <strong>ATV<\/strong> en nuestra mano derecha. Independientemente de lo que ponga en el t\u00edtulo. As\u00ed que te daremos la mejor formaci\u00f3n disponible hoy en el mercado, al mejor precio, y obtendr\u00e1s el t\u00edtulo que te pedir\u00e1n a la hora de buscar trabajo.<\/p>\n\n\n\n<h2 class=\"wp-block-heading\">+ info:<\/h2>\n\n\n\n<p>Estamos en la calle Rec, 32, de Canovelles, al lado de Granollers (Vall\u00e8s Oriental): <strong>\u00a1llevamos abiertos desde 1999!<\/strong> Para m\u00e1s informaci\u00f3n, puedes llamar o enviar un WhatsApp al 644 385 061. Tambi\u00e9n puedes escribir un correo electr\u00f3nico a <a href=\"mailto:cesar.gonzalez@universalacademia.com\" target=\"_blank\" rel=\"noreferrer noopener\">cesar.gonzalez@universalacademia.com<\/a><\/p>","protected":false},"excerpt":{"rendered":"<p>Auxiliar de veterinaria Presentaci\u00f3: Els centres veterinaris actuals, centrats fonamentalment a l&#8217;atenci\u00f3 dels gossos i gats que conviuen amb les [&hellip;]<\/p>\n","protected":false},"author":2,"featured_media":0,"parent":0,"menu_order":0,"comment_status":"closed","ping_status":"closed","template":"","meta":{"site-sidebar-layout":"default","site-content-layout":"","ast-site-content-layout":"default","site-content-style":"default","site-sidebar-style":"default","ast-global-header-display":"","ast-banner-title-visibility":"","ast-main-header-display":"","ast-hfb-above-header-display":"","ast-hfb-below-header-display":"","ast-hfb-mobile-header-display":"","site-post-title":"","ast-breadcrumbs-content":"","ast-featured-img":"","footer-sml-layout":"","ast-disable-related-posts":"","theme-transparent-header-meta":"","adv-header-id-meta":"","stick-header-meta":"","header-above-stick-meta":"","header-main-stick-meta":"","header-below-stick-meta":"","astra-migrate-meta-layouts":"set","ast-page-background-enabled":"default","ast-page-background-meta":{"desktop":{"background-color":"","background-image":"","background-repeat":"repeat","background-position":"center center","background-size":"auto","background-attachment":"scroll","background-type":"","background-media":"","overlay-type":"","overlay-color":"","overlay-opacity":"","overlay-gradient":""},"tablet":{"background-color":"","background-image":"","background-repeat":"repeat","background-position":"center center","background-size":"auto","background-attachment":"scroll","background-type":"","background-media":"","overlay-type":"","overlay-color":"","overlay-opacity":"","overlay-gradient":""},"mobile":{"background-color":"","background-image":"","background-repeat":"repeat","background-position":"center center","background-size":"auto","background-attachment":"scroll","background-type":"","background-media":"","overlay-type":"","overlay-color":"","overlay-opacity":"","overlay-gradient":""}},"ast-content-background-meta":{"desktop":{"background-color":"var(--ast-global-color-5)","background-image":"","background-repeat":"repeat","background-position":"center center","background-size":"auto","background-attachment":"scroll","background-type":"","background-media":"","overlay-type":"","overlay-color":"","overlay-opacity":"","overlay-gradient":""},"tablet":{"background-color":"var(--ast-global-color-5)","background-image":"","background-repeat":"repeat","background-position":"center center","background-size":"auto","background-attachment":"scroll","background-type":"","background-media":"","overlay-type":"","overlay-color":"","overlay-opacity":"","overlay-gradient":""},"mobile":{"background-color":"var(--ast-global-color-5)","background-image":"","background-repeat":"repeat","background-position":"center center","background-size":"auto","background-attachment":"scroll","background-type":"","background-media":"","overlay-type":"","overlay-color":"","overlay-opacity":"","overlay-gradient":""}},"footnotes":""},"class_list":["post-3472","page","type-page","status-publish","hentry"],"aioseo_notices":[],"_links":{"self":[{"href":"https:\/\/universalacademia.com\/es\/wp-json\/wp\/v2\/pages\/3472","targetHints":{"allow":["GET"]}}],"collection":[{"href":"https:\/\/universalacademia.com\/es\/wp-json\/wp\/v2\/pages"}],"about":[{"href":"https:\/\/universalacademia.com\/es\/wp-json\/wp\/v2\/types\/page"}],"author":[{"embeddable":true,"href":"https:\/\/universalacademia.com\/es\/wp-json\/wp\/v2\/users\/2"}],"replies":[{"embeddable":true,"href":"https:\/\/universalacademia.com\/es\/wp-json\/wp\/v2\/comments?post=3472"}],"version-history":[{"count":52,"href":"https:\/\/universalacademia.com\/es\/wp-json\/wp\/v2\/pages\/3472\/revisions"}],"predecessor-version":[{"id":23108,"href":"https:\/\/universalacademia.com\/es\/wp-json\/wp\/v2\/pages\/3472\/revisions\/23108"}],"wp:attachment":[{"href":"https:\/\/universalacademia.com\/es\/wp-json\/wp\/v2\/media?parent=3472"}],"curies":[{"name":"wp","href":"https:\/\/api.w.org\/{rel}","templated":true}]}}