{"id":2433,"date":"2018-03-04T11:43:55","date_gmt":"2018-03-04T11:43:55","guid":{"rendered":"http:\/\/universalacademia.com\/?page_id=2433"},"modified":"2022-09-21T15:38:19","modified_gmt":"2022-09-21T15:38:19","slug":"angles","status":"publish","type":"page","link":"https:\/\/universalacademia.com\/es\/angles\/","title":{"rendered":"Ingl\u00e9s"},"content":{"rendered":"<p>Actualmente hemos convertido en uno de los principales centros de referencia en estudios de ingl\u00e9s en Canovelles. El estructuramos siguiendo los niveles del\u00a0<b>Marco europeo com\u00fan de referencia para las lenguas. <\/b>L&#8217;horari dels cursos \u00e9s de dilluns a divendres de 16 h a 19 h, tot i que tamb\u00e9 tenim grups d&#8217;adults fora d&#8217;aquest horari.<\/p>\n<p>Los niveles de marco europeo son:<\/p>\n<ul>\n<li><strong>Nivel A1<\/strong> (Nivel inicial): puede comunicarse a nivel elemental para satisfacer sus necesidades con f\u00f3rmulas fijas; puede mantener una conversaci\u00f3n sencilla sobre temas personales si el interlocutor le ayuda.<\/li>\n<li><strong>Nivel A2<\/strong> (Nivel b\u00e1sico): puede entender y expresar ideas sobre los temas m\u00e1s cercanos y comunicarse en un viaje para satisfacer sus necesidades.<\/li>\n<li><strong>Nivel B1<\/strong> (Nivel umbral): puede desarrollarse con \u00e9xito en la mayor\u00eda de situaciones cotidianas y describir experiencias y deseos, as\u00ed como expresar su opini\u00f3n sobre cuestiones cercanas.<\/li>\n<li><strong>Nivel B2<\/strong> (Nivel avanzado): puede entender la mayor\u00eda de textos y mantener conversaciones con fluidez sin esfuerzos por parte del interlocutor.<\/li>\n<li><strong>Nivel C1<\/strong> (Nivel funcional): puede tener \u00e9xito en casi todos los intercambios comunicativos, entiende el doble sentido y el trasfondo cultural del idioma, puede trabajar en la lengua extranjera.<\/li>\n<li><strong>Nivel C2<\/strong> (Nivel de dominio): su correcci\u00f3n es similar a la de un nativo medio.<\/li>\n<\/ul>\n<p>Estamos preparando a nuestros alumnos de Bachillerato para que, una vez alcanzado el nivel B2, est\u00e9n capacitados para afrontar el examen <strong>First Certificate in English,<\/strong> de <em>Cambridge English Language Assessment.<\/em><\/p>","protected":false},"excerpt":{"rendered":"<p>Actualment hem esdevingut un dels principals centres de refer\u00e8ncia en estudis d&#8217;angl\u00e8s a Canovelles. L&#8217;estructurem seguint els nivells del\u00a0Marc europeu [&hellip;]<\/p>\n","protected":false},"author":2,"featured_media":0,"parent":0,"menu_order":0,"comment_status":"closed","ping_status":"closed","template":"","meta":{"site-sidebar-layout":"default","site-content-layout":"","ast-site-content-layout":"default","site-content-style":"default","site-sidebar-style":"default","ast-global-header-display":"","ast-banner-title-visibility":"","ast-main-header-display":"","ast-hfb-above-header-display":"","ast-hfb-below-header-display":"","ast-hfb-mobile-header-display":"","site-post-title":"","ast-breadcrumbs-content":"","ast-featured-img":"","footer-sml-layout":"","ast-disable-related-posts":"","theme-transparent-header-meta":"","adv-header-id-meta":"","stick-header-meta":"","header-above-stick-meta":"","header-main-stick-meta":"","header-below-stick-meta":"","astra-migrate-meta-layouts":"default","ast-page-background-enabled":"default","ast-page-background-meta":{"desktop":{"background-color":"","background-image":"","background-repeat":"repeat","background-position":"center center","background-size":"auto","background-attachment":"scroll","background-type":"","background-media":"","overlay-type":"","overlay-color":"","overlay-opacity":"","overlay-gradient":""},"tablet":{"background-color":"","background-image":"","background-repeat":"repeat","background-position":"center center","background-size":"auto","background-attachment":"scroll","background-type":"","background-media":"","overlay-type":"","overlay-color":"","overlay-opacity":"","overlay-gradient":""},"mobile":{"background-color":"","background-image":"","background-repeat":"repeat","background-position":"center center","background-size":"auto","background-attachment":"scroll","background-type":"","background-media":"","overlay-type":"","overlay-color":"","overlay-opacity":"","overlay-gradient":""}},"ast-content-background-meta":{"desktop":{"background-color":"var(--ast-global-color-5)","background-image":"","background-repeat":"repeat","background-position":"center center","background-size":"auto","background-attachment":"scroll","background-type":"","background-media":"","overlay-type":"","overlay-color":"","overlay-opacity":"","overlay-gradient":""},"tablet":{"background-color":"var(--ast-global-color-5)","background-image":"","background-repeat":"repeat","background-position":"center center","background-size":"auto","background-attachment":"scroll","background-type":"","background-media":"","overlay-type":"","overlay-color":"","overlay-opacity":"","overlay-gradient":""},"mobile":{"background-color":"var(--ast-global-color-5)","background-image":"","background-repeat":"repeat","background-position":"center center","background-size":"auto","background-attachment":"scroll","background-type":"","background-media":"","overlay-type":"","overlay-color":"","overlay-opacity":"","overlay-gradient":""}},"footnotes":""},"class_list":["post-2433","page","type-page","status-publish","hentry"],"aioseo_notices":[],"_links":{"self":[{"href":"https:\/\/universalacademia.com\/es\/wp-json\/wp\/v2\/pages\/2433","targetHints":{"allow":["GET"]}}],"collection":[{"href":"https:\/\/universalacademia.com\/es\/wp-json\/wp\/v2\/pages"}],"about":[{"href":"https:\/\/universalacademia.com\/es\/wp-json\/wp\/v2\/types\/page"}],"author":[{"embeddable":true,"href":"https:\/\/universalacademia.com\/es\/wp-json\/wp\/v2\/users\/2"}],"replies":[{"embeddable":true,"href":"https:\/\/universalacademia.com\/es\/wp-json\/wp\/v2\/comments?post=2433"}],"version-history":[{"count":8,"href":"https:\/\/universalacademia.com\/es\/wp-json\/wp\/v2\/pages\/2433\/revisions"}],"predecessor-version":[{"id":21778,"href":"https:\/\/universalacademia.com\/es\/wp-json\/wp\/v2\/pages\/2433\/revisions\/21778"}],"wp:attachment":[{"href":"https:\/\/universalacademia.com\/es\/wp-json\/wp\/v2\/media?parent=2433"}],"curies":[{"name":"wp","href":"https:\/\/api.w.org\/{rel}","templated":true}]}}