{"id":1041,"date":"2014-09-12T08:23:09","date_gmt":"2014-09-12T08:23:09","guid":{"rendered":"http:\/\/universalacademia.com\/mas-informacion-sobre-las-cookies\/"},"modified":"2022-08-26T16:09:20","modified_gmt":"2022-08-26T16:09:20","slug":"mes-info-cookies","status":"publish","type":"page","link":"https:\/\/universalacademia.com\/es\/mes-info-cookies\/","title":{"rendered":"M\u00e1s informaci\u00f3n sobre las cookies"},"content":{"rendered":"<h2>\u00bfQu\u00e9 es una <em>cookie?<\/em><\/h2>\n<p>Una <em>cookie<\/em> es un fichero de texto <b>inofensivo<\/b> que se almacena en su navegador cuando visita casi cualquier p\u00e1gina web. La utilidad de la <em>cookie<\/em> es que la web sea capaz de recordar su visita cuando vuelva a navegar por esa p\u00e1gina. Aunque mucha gente no lo sabe las <em>cookies<\/em> se llevan utilizando desde hace 20 a\u00f1os, cuando aparecieron los primeros navegadores para la World Wide Web.<\/p>\n<h2>\u00bfQu\u00e9 NO ES una cookie?<\/h2>\n<p>No es un virus, ni un troyano, ni un gusano, ni <em>spam,<\/em> ni <em>spyware,<\/em> ni abre ventanas <em>pop-up.<\/em><\/p>\n<h2>\u00bfQu\u00e9 informaci\u00f3n almacena una <em>cookie<\/em>?<\/h2>\n<p>Las <em>cookies<\/em> no suelen almacenar informaci\u00f3n sensible sobre usted, como tarjetas de cr\u00e9dito o datos bancarios, fotograf\u00edas, su DNI o informaci\u00f3n personal, etc. Los datos que guardan son de car\u00e1cter t\u00e9cnico, preferencias personales, personalizaci\u00f3n de contenidos, etc.<\/p>\n<p>El servidor web no le asocia a usted como persona si no a su navegador web. De hecho, si usted navega habitualmente con Microsoft Edge y prueba a navegar por la misma web con Firefox o Chrome ver\u00e1 que la web no se da cuenta que es usted la misma persona porque en realidad est\u00e1 asociando al navegador, no a la persona.<\/p>\n<h2>\u00bfQu\u00e9 tipo de <em>cookies<\/em> existeixen?<\/h2>\n<ul>\n<li><em>Cookies<\/em> t\u00e8cniques: S\u00f3n les m\u00e9s elementals i permeten, entre d&#8217;altres coses, saber quan est\u00e0 navegant una persona o una aplicaci\u00f3 automatitzada, quan navega un usuari an\u00f2nim i un enregistrat, tasques b\u00e0siques per al funcionament de qualsevol web din\u00e0mica.<\/li>\n<li><em>Cookies<\/em> d&#8217;an\u00e0lisis: Recullen informaci\u00f3 sobre el tipus de navegaci\u00f3 que esteu realitzant, les seccions que m\u00e9s utilitzeu, productes consultats, franja hor\u00e0ria d&#8217;\u00fas, idioma, etc.<\/li>\n<li><em>Cookies<\/em> publicit\u00e0ries: Mostren publicitat en funci\u00f3 de la vostra navegaci\u00f3, el vostre pa\u00eds de proced\u00e8ncia, idioma, etc.<\/li>\n<\/ul>\n<h2>\u00bfQu\u00e9 son las <em>cookies<\/em> propias y las de terceros?<\/h2>\n<p>Las <em>cookies propias<\/em> son las generadas por la p\u00e1gina que est\u00e1 visitando y las <em>de terceros<\/em> son las generadas por servicios o proveedores externos como Facebook, Twitter, Google, etc.<\/p>\n<h2>\u00bfQu\u00e9 ocurre si desactivo las <em>cookies<\/em>?<\/h2>\n<p>Para que entienda el alcance que puede tener desactivar las <em>cookies<\/em> le mostramos unos ejemplos:<\/p>\n<ul>\n<li>No podr\u00e1 compartir contenidos de esa web en Facebook, Twitter o cualquier otra red social.<\/li>\n<li>El sitio web no podr\u00e1 adaptar los contenidos a sus preferencias personales, como suele ocurrir en las tiendas online.<\/li>\n<li>No podr\u00e1 acceder al \u00e1rea personal de esa web, como por ejemplo <em>Mi cuenta<\/em>, o <em>Mi perfil<\/em> o <em>Mis pedidos<\/em>.<\/li>\n<li>Tiendas online: Le ser\u00e1 imposible realizar compras online, tendr\u00e1n que ser telef\u00f3nicas o visitando la tienda f\u00edsica si es que dispone de ella.<\/li>\n<li>No ser\u00e1 posible personalizar sus preferencias geogr\u00e1ficas como franja horaria, divisa o idioma.<\/li>\n<li>El sitio web no podr\u00e1 realizar anal\u00edticas web sobre visitantes y tr\u00e1fico en la web, lo que dificultar\u00e1 que la web sea competitiva.<\/li>\n<li>No podr\u00e1 escribir en el blog, no podr\u00e1 subir fotos, publicar comentarios, valorar o puntuar contenidos. La web tampoco podr\u00e1 saber si usted es un humano o una aplicaci\u00f3n automatizada que publica <em>spam<\/em>.<\/li>\n<li>No se podr\u00e1 mostrar publicidad sectorizada, lo que reducir\u00e1 los ingresos publicitarios de la web.<\/li>\n<li>Todas las redes sociales usan <em>cookies<\/em>si las desactiva no podr\u00e1 utilizar ninguna red social.<\/li>\n<\/ul>\n<h2>\u00bfSe pueden eliminar las <em>cookies<\/em>?<\/h2>\n<p>S\u00ed. No s\u00f3lo eliminar, tambi\u00e9n bloquear, de forma general o particular para un dominio espec\u00edfico.<\/p>\n<p>Para eliminar las <em>cookies<\/em> de un sitio web debe ir a la configuraci\u00f3n de su navegador y all\u00ed podr\u00e1 buscar las asociadas al dominio en cuesti\u00f3n y proceder a su eliminaci\u00f3n.<\/p>\n<h2 id=\"navegadores\">Configuraci\u00f3n de <em>cookies<\/em> para los navegadores m\u00e1s populares<\/h2>\n<p>A continuaci\u00f3n le indicamos c\u00f3mo acceder a una <em>cookie<\/em> determinada del navegador <b>Chrome<\/b>. Nota: estos pasos pueden variar en funci\u00f3n de la versi\u00f3n del navegador:<\/p>\n<ol>\n<li>Aneu a Configuraci\u00f3 o Prefer\u00e8ncies mitjan\u00e7ant el men\u00fa Fitxer o b\u00e9 fent clic a la&nbsp; icona de personalitzaci\u00f3 que hi ha a dalt a la dreta.<\/li>\n<li>Ver\u00e1 diferentes secciones, pinche la opci\u00f3n <em>Mostrar opciones avanzadas<\/em>.<\/li>\n<li>Vaya a <em>Privacidad<\/em>,&nbsp;<em>Configuraci\u00f3n de contenido<\/em>.<\/li>\n<li>Seleccione <em>Todas las <em>cookies<\/em> y los datos de sitios<\/em>.<\/li>\n<li>Aparecer\u00e1 un listado con todas las <em>cookies<\/em> ordenadas por dominio. Para que le sea m\u00e1s f\u00e1cil encontrar las <em>cookies<\/em> de un determinado dominio introduzca parcial o totalmente la direcci\u00f3n en el campo <em>Buscar cookies<\/em>.<\/li>\n<li>Tras realizar este filtro aparecer\u00e1n en pantalla una o varias l\u00edneas con las <em>cookies<\/em> de la web solicitada. Ahora s\u00f3lo tiene que seleccionarla y pulsar la <em>X<\/em> para proceder a su eliminaci\u00f3n<\/li>\n<\/ol>\n<p>Para acceder a la configuraci\u00f3n de <em>cookies<\/em> del navegador <b>Microsoft Edge<\/b> siga estos pasos (pueden variar en funci\u00f3n de la versi\u00f3n del navegador):<\/p>\n<ol>\n<li>En Microsoft Edge, vaya a <b>M\u00e1s <\/b>&nbsp;&gt;&nbsp;<b>Configuraci\u00f3n <\/b>.<\/li>\n<li>En <b>Borrar datos de exploraci\u00f3n,<\/b> seleccione <b>Elegir qu\u00e9 borrar<\/b>.<\/li>\n<li>Marque la casilla pr\u00f3xima a cada tipo de datos que quiera borrar y despu\u00e9s seleccione <b>Borrar<\/b>.<\/li>\n<li>Si lo desea, cambie el ajuste <b>Borrar siempre estos datos al cerrar el navegador<\/b>&nbsp;a&nbsp;<b>Activado<\/b>.<\/li>\n<\/ol>\n<p>Para acceder a la configuraci\u00f3n de <em>cookies<\/em> del navegador <b>Firefox<\/b> siga estos pasos (pueden variar en funci\u00f3n de la versi\u00f3n del navegador):<\/p>\n<ol>\n<li>Vaya a <em>Opciones<\/em> o <em>Preferencias<\/em> seg\u00fan su sistema operativo.<\/li>\n<li>Haga clic en <em>Privacidad<\/em>.<\/li>\n<li>En <em>Historial <\/em>seleccione <em>Usar una configuraci\u00f3n personalizada para el historial<\/em>.<\/li>\n<li>Ahora ver\u00e1 la opci\u00f3n <em>Aceptar cookies<\/em>, puede activarla o desactivarla seg\u00fan sus preferencias.<\/li>\n<\/ol>\n<p>Para acceder a la configuraci\u00f3n de <em>cookies<\/em> del navegador <b>Safari para OSX<\/b> siga estos pasos (pueden variar en funci\u00f3n de la versi\u00f3n del navegador):<\/p>\n<ol>\n<li>Vaya a <em>Preferencias<\/em>, despu\u00e9s <em>Privacidad<\/em>.<\/li>\n<li>En este lugar ver\u00e1 la opci\u00f3n <em>Bloquear cookies<\/em> para que ajuste el tipo de bloqueo que desea realizar.<\/li>\n<\/ol>\n<p>Para acceder a la configuraci\u00f3n de <em>cookies<\/em> del navegador <b>Safari para iOS<\/b> siga estos pasos (pueden variar en funci\u00f3n de la versi\u00f3n del navegador):<\/p>\n<ol>\n<li>Vaya a <em>Ajustes<\/em>, despu\u00e9s <em>Safari<\/em>.<\/li>\n<li>Vaya a <em>Privacidad y Seguridad<\/em>, ver\u00e1 la opci\u00f3n <em>Bloquear cookies<\/em> para que ajuste el tipo de bloqueo que desea realizar.<\/li>\n<\/ol>\n<p>Para acceder a la configuraci\u00f3n de <em>cookies<\/em> del navegador per dispositius <b>Android<\/b> siga estos pasos (pueden variar en funci\u00f3n de la versi\u00f3n del navegador):<\/p>\n<ol>\n<li>Ejecute el navegador y pulse la tecla <em>Men\u00fa<\/em>, despu\u00e9s <em>Ajustes<\/em>.<\/li>\n<li>Vaya a <em>Seguridad y Privacidad<\/em>, ver\u00e1 la opci\u00f3n <em>Aceptar cookies<\/em> para activar o desactivar la casilla.<\/li>\n<\/ol>\n<p>Para acceder a la configuraci\u00f3n de <em>cookies<\/em> del navegador per dispositius <b>Windows Phone<\/b> siga estos pasos (pueden variar en funci\u00f3n de la versi\u00f3n del navegador):<\/p>\n<ol>\n<li>Abra <em>Internet Explorer<\/em>, despu\u00e9s <em>M\u00e1s<\/em>, despu\u00e9s <em>Configuraci\u00f3n.<\/em><\/li>\n<li>Ahora podr\u00e1 activar o desactivar la casilla <em>Permitir cookies<\/em>.<\/li>\n<\/ol>\n\n\n<p><\/p>","protected":false},"excerpt":{"rendered":"<p>Qu\u00e8 es una cookie? Una cookie \u00e9s un arxiu de text inofensiu que s&#8217;emmagatzema al vostre navegador quan visiteu gaireb\u00e9 [&hellip;]<\/p>\n","protected":false},"author":2,"featured_media":0,"parent":0,"menu_order":0,"comment_status":"closed","ping_status":"closed","template":"","meta":{"site-sidebar-layout":"default","site-content-layout":"","ast-site-content-layout":"default","site-content-style":"default","site-sidebar-style":"default","ast-global-header-display":"","ast-banner-title-visibility":"","ast-main-header-display":"","ast-hfb-above-header-display":"","ast-hfb-below-header-display":"","ast-hfb-mobile-header-display":"","site-post-title":"","ast-breadcrumbs-content":"","ast-featured-img":"","footer-sml-layout":"","ast-disable-related-posts":"","theme-transparent-header-meta":"","adv-header-id-meta":"","stick-header-meta":"","header-above-stick-meta":"","header-main-stick-meta":"","header-below-stick-meta":"","astra-migrate-meta-layouts":"default","ast-page-background-enabled":"default","ast-page-background-meta":{"desktop":{"background-color":"","background-image":"","background-repeat":"repeat","background-position":"center center","background-size":"auto","background-attachment":"scroll","background-type":"","background-media":"","overlay-type":"","overlay-color":"","overlay-opacity":"","overlay-gradient":""},"tablet":{"background-color":"","background-image":"","background-repeat":"repeat","background-position":"center center","background-size":"auto","background-attachment":"scroll","background-type":"","background-media":"","overlay-type":"","overlay-color":"","overlay-opacity":"","overlay-gradient":""},"mobile":{"background-color":"","background-image":"","background-repeat":"repeat","background-position":"center center","background-size":"auto","background-attachment":"scroll","background-type":"","background-media":"","overlay-type":"","overlay-color":"","overlay-opacity":"","overlay-gradient":""}},"ast-content-background-meta":{"desktop":{"background-color":"var(--ast-global-color-5)","background-image":"","background-repeat":"repeat","background-position":"center center","background-size":"auto","background-attachment":"scroll","background-type":"","background-media":"","overlay-type":"","overlay-color":"","overlay-opacity":"","overlay-gradient":""},"tablet":{"background-color":"var(--ast-global-color-5)","background-image":"","background-repeat":"repeat","background-position":"center center","background-size":"auto","background-attachment":"scroll","background-type":"","background-media":"","overlay-type":"","overlay-color":"","overlay-opacity":"","overlay-gradient":""},"mobile":{"background-color":"var(--ast-global-color-5)","background-image":"","background-repeat":"repeat","background-position":"center center","background-size":"auto","background-attachment":"scroll","background-type":"","background-media":"","overlay-type":"","overlay-color":"","overlay-opacity":"","overlay-gradient":""}},"footnotes":""},"class_list":["post-1041","page","type-page","status-publish","hentry"],"aioseo_notices":[],"_links":{"self":[{"href":"https:\/\/universalacademia.com\/es\/wp-json\/wp\/v2\/pages\/1041","targetHints":{"allow":["GET"]}}],"collection":[{"href":"https:\/\/universalacademia.com\/es\/wp-json\/wp\/v2\/pages"}],"about":[{"href":"https:\/\/universalacademia.com\/es\/wp-json\/wp\/v2\/types\/page"}],"author":[{"embeddable":true,"href":"https:\/\/universalacademia.com\/es\/wp-json\/wp\/v2\/users\/2"}],"replies":[{"embeddable":true,"href":"https:\/\/universalacademia.com\/es\/wp-json\/wp\/v2\/comments?post=1041"}],"version-history":[{"count":8,"href":"https:\/\/universalacademia.com\/es\/wp-json\/wp\/v2\/pages\/1041\/revisions"}],"predecessor-version":[{"id":15857,"href":"https:\/\/universalacademia.com\/es\/wp-json\/wp\/v2\/pages\/1041\/revisions\/15857"}],"wp:attachment":[{"href":"https:\/\/universalacademia.com\/es\/wp-json\/wp\/v2\/media?parent=1041"}],"curies":[{"name":"wp","href":"https:\/\/api.w.org\/{rel}","templated":true}]}}